{"id":65,"date":"2019-12-03T15:13:11","date_gmt":"2019-12-03T14:13:11","guid":{"rendered":"https:\/\/debohrasaba.com\/?page_id=65"},"modified":"2025-08-29T17:22:00","modified_gmt":"2025-08-29T15:22:00","slug":"qui-suis-je","status":"publish","type":"page","link":"https:\/\/debohrasaba.com\/?page_id=65","title":{"rendered":"Qui suis-je?"},"content":{"rendered":"<figure class=\"wp-block-image size-large\"><img loading=\"lazy\" decoding=\"async\" width=\"1024\" height=\"768\" src=\"https:\/\/debohrasaba.com\/wp-content\/uploads\/2025\/08\/vision-1024x768.jpg\" alt=\"\" class=\"wp-image-24881\" srcset=\"https:\/\/debohrasaba.com\/wp-content\/uploads\/2025\/08\/vision-1024x768.jpg 1024w, https:\/\/debohrasaba.com\/wp-content\/uploads\/2025\/08\/vision-300x225.jpg 300w, https:\/\/debohrasaba.com\/wp-content\/uploads\/2025\/08\/vision-768x576.jpg 768w, https:\/\/debohrasaba.com\/wp-content\/uploads\/2025\/08\/vision-1536x1152.jpg 1536w, https:\/\/debohrasaba.com\/wp-content\/uploads\/2025\/08\/vision-2048x1536.jpg 2048w, https:\/\/debohrasaba.com\/wp-content\/uploads\/2025\/08\/vision-80x60.jpg 80w, https:\/\/debohrasaba.com\/wp-content\/uploads\/2025\/08\/vision-1320x990.jpg 1320w, https:\/\/debohrasaba.com\/wp-content\/uploads\/2025\/08\/vision-600x450.jpg 600w\" sizes=\"auto, (max-width: 1024px) 100vw, 1024px\" \/><\/figure><p>Je m&rsquo;appelle Debohra, je suis photographe depuis 2010, je suis aussi maman de 4 enfants. <\/p><p>C&rsquo;est pendant mes \u00e9tudes d&rsquo;Arts sp\u00e9cialit\u00e9 Photographie que je me suis prise de passion pour les images de famille. J&rsquo;en ai fait mon m\u00e9moire de fin d&rsquo;\u00e9tudes et c&rsquo;est assez naturellement que j&rsquo;ai choisi en faire mon m\u00e9tier. Je prends beaucoup de plaisir \u00e0 aller \u00e0 votre rencontre. Quant \u00e0 la satisfaction de vous cr\u00e9er vos plus jolis souvenirs, je vous assure qu&rsquo;elle est toujours intacte.<\/p><p>Il n&rsquo;est pas rare que le rentre d&rsquo;un mariage la larme \u00e0 l\u2019\u0153il et gorg\u00e9e d&rsquo;\u00e9motion. Je ne cherche pas \u00e0 me positionner comme un acteur neutre et objectif, je compose avec mes impressions et ma propre subjectivit\u00e9 pour tenter d&rsquo;\u00eatre au plus pr\u00e8s de vos attentes et de votre propre v\u00e9rit\u00e9. <\/p><p>Je travaille avant autant d&rsquo;authenticit\u00e9 et de sinc\u00e9rit\u00e9 pour les particuliers, que pour les entreprises. Je ne peux pas envisager mon travail en lui retirant le plaisir, c&rsquo;est donc tout le contraire que je r\u00e9alise: je mets mon plaisir au service de mon travail. <\/p><p>Je ne pose jamais de jugement sur vos souhaits ou vos attentes. De la m\u00eame fa\u00e7on, je n&rsquo;attends jamais de vos enfants qu&rsquo;ils soient irr\u00e9prochables. Venez donc comme vous \u00eates car ce que je pr\u00e9f\u00e8re c&rsquo;est saisir de v\u00e9ritables moments de vie. <\/p><figure class=\"wp-block-image size-full\"><img loading=\"lazy\" decoding=\"async\" width=\"2560\" height=\"1920\" src=\"https:\/\/debohrasaba.com\/wp-content\/uploads\/2025\/06\/vision-1-1-scaled.jpg\" alt=\"\" class=\"wp-image-24830\" srcset=\"https:\/\/debohrasaba.com\/wp-content\/uploads\/2025\/06\/vision-1-1-scaled.jpg 2560w, https:\/\/debohrasaba.com\/wp-content\/uploads\/2025\/06\/vision-1-1-300x225.jpg 300w\" sizes=\"auto, (max-width: 2560px) 100vw, 2560px\" \/><\/figure><div class=\"wp-block-image\"><figure class=\"aligncenter size-large\"><img loading=\"lazy\" decoding=\"async\" width=\"683\" height=\"1024\" src=\"https:\/\/debohrasaba.com\/wp-content\/uploads\/2025\/01\/IMG_3413-683x1024.jpg\" alt=\"\" class=\"wp-image-24481\" srcset=\"https:\/\/debohrasaba.com\/wp-content\/uploads\/2025\/01\/IMG_3413-683x1024.jpg 683w, https:\/\/debohrasaba.com\/wp-content\/uploads\/2025\/01\/IMG_3413-200x300.jpg 200w, https:\/\/debohrasaba.com\/wp-content\/uploads\/2025\/01\/IMG_3413-768x1152.jpg 768w, https:\/\/debohrasaba.com\/wp-content\/uploads\/2025\/01\/IMG_3413-40x60.jpg 40w, https:\/\/debohrasaba.com\/wp-content\/uploads\/2025\/01\/IMG_3413-600x900.jpg 600w, https:\/\/debohrasaba.com\/wp-content\/uploads\/2025\/01\/IMG_3413.jpg 1024w\" sizes=\"auto, (max-width: 683px) 100vw, 683px\" \/><\/figure><\/div>","protected":false},"excerpt":{"rendered":"<p>Je m&rsquo;appelle Debohra, je suis photographe depuis 2010, je suis aussi maman de 4 enfants. C&rsquo;est pendant mes \u00e9tudes d&rsquo;Arts sp\u00e9cialit\u00e9 Photographie que je me suis prise de passion pour les images de famille. J&rsquo;en ai fait mon m\u00e9moire de fin d&rsquo;\u00e9tudes et c&rsquo;est assez naturellement que j&rsquo;ai choisi en faire mon m\u00e9tier. Je prends &hellip; <\/p>\n","protected":false},"author":1,"featured_media":0,"parent":0,"menu_order":0,"comment_status":"closed","ping_status":"closed","template":"","meta":{"footnotes":""},"class_list":["post-65","page","type-page","status-publish","hentry","latest_post"],"yoast_head":"<!-- This site is optimized with the Yoast SEO plugin v23.9 - https:\/\/yoast.com\/wordpress\/plugins\/seo\/ -->\n<title>Qui suis-je? - La Boite \u00e0 Souvenirs<\/title>\n<meta name=\"robots\" content=\"index, follow, max-snippet:-1, max-image-preview:large, max-video-preview:-1\" \/>\n<link rel=\"canonical\" href=\"https:\/\/debohrasaba.com\/?page_id=65\" \/>\n<meta property=\"og:locale\" content=\"fr_FR\" \/>\n<meta property=\"og:type\" content=\"article\" \/>\n<meta property=\"og:title\" content=\"Qui suis-je? - La Boite \u00e0 Souvenirs\" \/>\n<meta property=\"og:description\" content=\"Je m&rsquo;appelle Debohra, je suis photographe depuis 2010, je suis aussi maman de 4 enfants. C&rsquo;est pendant mes \u00e9tudes d&rsquo;Arts sp\u00e9cialit\u00e9 Photographie que je me suis prise de passion pour les images de famille. J&rsquo;en ai fait mon m\u00e9moire de fin d&rsquo;\u00e9tudes et c&rsquo;est assez naturellement que j&rsquo;ai choisi en faire mon m\u00e9tier. Je prends &hellip;\" \/>\n<meta property=\"og:url\" content=\"https:\/\/debohrasaba.com\/?page_id=65\" \/>\n<meta property=\"og:site_name\" content=\"La Boite \u00e0 Souvenirs\" \/>\n<meta property=\"article:modified_time\" content=\"2025-08-29T15:22:00+00:00\" \/>\n<meta property=\"og:image\" content=\"https:\/\/debohrasaba.com\/wp-content\/uploads\/2025\/08\/vision-scaled.jpg\" \/>\n\t<meta property=\"og:image:width\" content=\"2560\" \/>\n\t<meta property=\"og:image:height\" content=\"1920\" \/>\n\t<meta property=\"og:image:type\" content=\"image\/jpeg\" \/>\n<meta name=\"twitter:card\" content=\"summary_large_image\" \/>\n<meta name=\"twitter:label1\" content=\"Dur\u00e9e de lecture estim\u00e9e\" \/>\n\t<meta name=\"twitter:data1\" content=\"2 minutes\" \/>\n<script type=\"application\/ld+json\" class=\"yoast-schema-graph\">{\"@context\":\"https:\/\/schema.org\",\"@graph\":[{\"@type\":\"WebPage\",\"@id\":\"https:\/\/debohrasaba.com\/?page_id=65\",\"url\":\"https:\/\/debohrasaba.com\/?page_id=65\",\"name\":\"Qui suis-je? - La Boite \u00e0 Souvenirs\",\"isPartOf\":{\"@id\":\"https:\/\/debohrasaba.com\/#website\"},\"primaryImageOfPage\":{\"@id\":\"https:\/\/debohrasaba.com\/?page_id=65#primaryimage\"},\"image\":{\"@id\":\"https:\/\/debohrasaba.com\/?page_id=65#primaryimage\"},\"thumbnailUrl\":\"https:\/\/debohrasaba.com\/wp-content\/uploads\/2025\/08\/vision-1024x768.jpg\",\"datePublished\":\"2019-12-03T14:13:11+00:00\",\"dateModified\":\"2025-08-29T15:22:00+00:00\",\"breadcrumb\":{\"@id\":\"https:\/\/debohrasaba.com\/?page_id=65#breadcrumb\"},\"inLanguage\":\"fr-FR\",\"potentialAction\":[{\"@type\":\"ReadAction\",\"target\":[\"https:\/\/debohrasaba.com\/?page_id=65\"]}]},{\"@type\":\"ImageObject\",\"inLanguage\":\"fr-FR\",\"@id\":\"https:\/\/debohrasaba.com\/?page_id=65#primaryimage\",\"url\":\"https:\/\/debohrasaba.com\/wp-content\/uploads\/2025\/08\/vision-scaled.jpg\",\"contentUrl\":\"https:\/\/debohrasaba.com\/wp-content\/uploads\/2025\/08\/vision-scaled.jpg\",\"width\":2560,\"height\":1920},{\"@type\":\"BreadcrumbList\",\"@id\":\"https:\/\/debohrasaba.com\/?page_id=65#breadcrumb\",\"itemListElement\":[{\"@type\":\"ListItem\",\"position\":1,\"name\":\"Accueil\",\"item\":\"https:\/\/debohrasaba.com\/\"},{\"@type\":\"ListItem\",\"position\":2,\"name\":\"Qui suis-je?\"}]},{\"@type\":\"WebSite\",\"@id\":\"https:\/\/debohrasaba.com\/#website\",\"url\":\"https:\/\/debohrasaba.com\/\",\"name\":\"La Boite \u00e0 Souvenirs\",\"description\":\"Debohra Saba Photographe et cr\u00e9atrice de contenus en Is\u00e8re\",\"publisher\":{\"@id\":\"https:\/\/debohrasaba.com\/#organization\"},\"potentialAction\":[{\"@type\":\"SearchAction\",\"target\":{\"@type\":\"EntryPoint\",\"urlTemplate\":\"https:\/\/debohrasaba.com\/?s={search_term_string}\"},\"query-input\":{\"@type\":\"PropertyValueSpecification\",\"valueRequired\":true,\"valueName\":\"search_term_string\"}}],\"inLanguage\":\"fr-FR\"},{\"@type\":\"Organization\",\"@id\":\"https:\/\/debohrasaba.com\/#organization\",\"name\":\"La Boite \u00e0 Souvenirs\",\"url\":\"https:\/\/debohrasaba.com\/\",\"logo\":{\"@type\":\"ImageObject\",\"inLanguage\":\"fr-FR\",\"@id\":\"https:\/\/debohrasaba.com\/#\/schema\/logo\/image\/\",\"url\":\"https:\/\/debohrasaba.com\/wp-content\/uploads\/2026\/03\/cropped-La-boite-a-Souvenirs-1-scaled-1.jpg\",\"contentUrl\":\"https:\/\/debohrasaba.com\/wp-content\/uploads\/2026\/03\/cropped-La-boite-a-Souvenirs-1-scaled-1.jpg\",\"width\":2560,\"height\":1108,\"caption\":\"La Boite \u00e0 Souvenirs\"},\"image\":{\"@id\":\"https:\/\/debohrasaba.com\/#\/schema\/logo\/image\/\"}}]}<\/script>\n<!-- \/ Yoast SEO plugin. -->","yoast_head_json":{"title":"Qui suis-je? - La Boite \u00e0 Souvenirs","robots":{"index":"index","follow":"follow","max-snippet":"max-snippet:-1","max-image-preview":"max-image-preview:large","max-video-preview":"max-video-preview:-1"},"canonical":"https:\/\/debohrasaba.com\/?page_id=65","og_locale":"fr_FR","og_type":"article","og_title":"Qui suis-je? - La Boite \u00e0 Souvenirs","og_description":"Je m&rsquo;appelle Debohra, je suis photographe depuis 2010, je suis aussi maman de 4 enfants. C&rsquo;est pendant mes \u00e9tudes d&rsquo;Arts sp\u00e9cialit\u00e9 Photographie que je me suis prise de passion pour les images de famille. J&rsquo;en ai fait mon m\u00e9moire de fin d&rsquo;\u00e9tudes et c&rsquo;est assez naturellement que j&rsquo;ai choisi en faire mon m\u00e9tier. Je prends &hellip;","og_url":"https:\/\/debohrasaba.com\/?page_id=65","og_site_name":"La Boite \u00e0 Souvenirs","article_modified_time":"2025-08-29T15:22:00+00:00","og_image":[{"width":2560,"height":1920,"url":"https:\/\/debohrasaba.com\/wp-content\/uploads\/2025\/08\/vision-scaled.jpg","type":"image\/jpeg"}],"twitter_card":"summary_large_image","twitter_misc":{"Dur\u00e9e de lecture estim\u00e9e":"2 minutes"},"schema":{"@context":"https:\/\/schema.org","@graph":[{"@type":"WebPage","@id":"https:\/\/debohrasaba.com\/?page_id=65","url":"https:\/\/debohrasaba.com\/?page_id=65","name":"Qui suis-je? - La Boite \u00e0 Souvenirs","isPartOf":{"@id":"https:\/\/debohrasaba.com\/#website"},"primaryImageOfPage":{"@id":"https:\/\/debohrasaba.com\/?page_id=65#primaryimage"},"image":{"@id":"https:\/\/debohrasaba.com\/?page_id=65#primaryimage"},"thumbnailUrl":"https:\/\/debohrasaba.com\/wp-content\/uploads\/2025\/08\/vision-1024x768.jpg","datePublished":"2019-12-03T14:13:11+00:00","dateModified":"2025-08-29T15:22:00+00:00","breadcrumb":{"@id":"https:\/\/debohrasaba.com\/?page_id=65#breadcrumb"},"inLanguage":"fr-FR","potentialAction":[{"@type":"ReadAction","target":["https:\/\/debohrasaba.com\/?page_id=65"]}]},{"@type":"ImageObject","inLanguage":"fr-FR","@id":"https:\/\/debohrasaba.com\/?page_id=65#primaryimage","url":"https:\/\/debohrasaba.com\/wp-content\/uploads\/2025\/08\/vision-scaled.jpg","contentUrl":"https:\/\/debohrasaba.com\/wp-content\/uploads\/2025\/08\/vision-scaled.jpg","width":2560,"height":1920},{"@type":"BreadcrumbList","@id":"https:\/\/debohrasaba.com\/?page_id=65#breadcrumb","itemListElement":[{"@type":"ListItem","position":1,"name":"Accueil","item":"https:\/\/debohrasaba.com\/"},{"@type":"ListItem","position":2,"name":"Qui suis-je?"}]},{"@type":"WebSite","@id":"https:\/\/debohrasaba.com\/#website","url":"https:\/\/debohrasaba.com\/","name":"La Boite \u00e0 Souvenirs","description":"Debohra Saba Photographe et cr\u00e9atrice de contenus en Is\u00e8re","publisher":{"@id":"https:\/\/debohrasaba.com\/#organization"},"potentialAction":[{"@type":"SearchAction","target":{"@type":"EntryPoint","urlTemplate":"https:\/\/debohrasaba.com\/?s={search_term_string}"},"query-input":{"@type":"PropertyValueSpecification","valueRequired":true,"valueName":"search_term_string"}}],"inLanguage":"fr-FR"},{"@type":"Organization","@id":"https:\/\/debohrasaba.com\/#organization","name":"La Boite \u00e0 Souvenirs","url":"https:\/\/debohrasaba.com\/","logo":{"@type":"ImageObject","inLanguage":"fr-FR","@id":"https:\/\/debohrasaba.com\/#\/schema\/logo\/image\/","url":"https:\/\/debohrasaba.com\/wp-content\/uploads\/2026\/03\/cropped-La-boite-a-Souvenirs-1-scaled-1.jpg","contentUrl":"https:\/\/debohrasaba.com\/wp-content\/uploads\/2026\/03\/cropped-La-boite-a-Souvenirs-1-scaled-1.jpg","width":2560,"height":1108,"caption":"La Boite \u00e0 Souvenirs"},"image":{"@id":"https:\/\/debohrasaba.com\/#\/schema\/logo\/image\/"}}]}},"jetpack_sharing_enabled":true,"_links":{"self":[{"href":"https:\/\/debohrasaba.com\/index.php?rest_route=\/wp\/v2\/pages\/65","targetHints":{"allow":["GET"]}}],"collection":[{"href":"https:\/\/debohrasaba.com\/index.php?rest_route=\/wp\/v2\/pages"}],"about":[{"href":"https:\/\/debohrasaba.com\/index.php?rest_route=\/wp\/v2\/types\/page"}],"author":[{"embeddable":true,"href":"https:\/\/debohrasaba.com\/index.php?rest_route=\/wp\/v2\/users\/1"}],"replies":[{"embeddable":true,"href":"https:\/\/debohrasaba.com\/index.php?rest_route=%2Fwp%2Fv2%2Fcomments&post=65"}],"version-history":[{"count":15,"href":"https:\/\/debohrasaba.com\/index.php?rest_route=\/wp\/v2\/pages\/65\/revisions"}],"predecessor-version":[{"id":24882,"href":"https:\/\/debohrasaba.com\/index.php?rest_route=\/wp\/v2\/pages\/65\/revisions\/24882"}],"wp:attachment":[{"href":"https:\/\/debohrasaba.com\/index.php?rest_route=%2Fwp%2Fv2%2Fmedia&parent=65"}],"curies":[{"name":"wp","href":"https:\/\/api.w.org\/{rel}","templated":true}]}}