{"id":77,"date":"2019-12-03T15:19:25","date_gmt":"2019-12-03T14:19:25","guid":{"rendered":"https:\/\/debohrasaba.com\/?page_id=77"},"modified":"2026-03-31T09:19:01","modified_gmt":"2026-03-31T07:19:01","slug":"me-contactez","status":"publish","type":"page","link":"https:\/\/debohrasaba.com\/?page_id=77","title":{"rendered":"Me contacter"},"content":{"rendered":"<iframe loading=\"lazy\" width=\"100%\" height=\"650\" src=\"https:\/\/www.fotostudio.io\/lead_forms\/14096\" frameborder=\"0\" allowfullscreen><\/iframe><figure class=\"wp-block-image size-large\"><img loading=\"lazy\" decoding=\"async\" width=\"1024\" height=\"726\" src=\"https:\/\/debohrasaba.com\/wp-content\/uploads\/2025\/06\/Vert-Plantes-grasses-Massage-Cheque-Cadeau-14.8-x-10.5-cm-1024x726.jpg\" alt=\"\" class=\"wp-image-24838\" srcset=\"https:\/\/debohrasaba.com\/wp-content\/uploads\/2025\/06\/Vert-Plantes-grasses-Massage-Cheque-Cadeau-14.8-x-10.5-cm-1024x726.jpg 1024w, https:\/\/debohrasaba.com\/wp-content\/uploads\/2025\/06\/Vert-Plantes-grasses-Massage-Cheque-Cadeau-14.8-x-10.5-cm-300x213.jpg 300w, https:\/\/debohrasaba.com\/wp-content\/uploads\/2025\/06\/Vert-Plantes-grasses-Massage-Cheque-Cadeau-14.8-x-10.5-cm-768x545.jpg 768w, https:\/\/debohrasaba.com\/wp-content\/uploads\/2025\/06\/Vert-Plantes-grasses-Massage-Cheque-Cadeau-14.8-x-10.5-cm-1536x1090.jpg 1536w, https:\/\/debohrasaba.com\/wp-content\/uploads\/2025\/06\/Vert-Plantes-grasses-Massage-Cheque-Cadeau-14.8-x-10.5-cm-85x60.jpg 85w, https:\/\/debohrasaba.com\/wp-content\/uploads\/2025\/06\/Vert-Plantes-grasses-Massage-Cheque-Cadeau-14.8-x-10.5-cm-1320x936.jpg 1320w, https:\/\/debohrasaba.com\/wp-content\/uploads\/2025\/06\/Vert-Plantes-grasses-Massage-Cheque-Cadeau-14.8-x-10.5-cm-600x426.jpg 600w, https:\/\/debohrasaba.com\/wp-content\/uploads\/2025\/06\/Vert-Plantes-grasses-Massage-Cheque-Cadeau-14.8-x-10.5-cm.jpg 1748w\" sizes=\"auto, (max-width: 1024px) 100vw, 1024px\" \/><\/figure>","protected":false},"excerpt":{"rendered":"","protected":false},"author":1,"featured_media":0,"parent":0,"menu_order":0,"comment_status":"closed","ping_status":"closed","template":"","meta":{"footnotes":""},"class_list":["post-77","page","type-page","status-publish","hentry","latest_post"],"yoast_head":"<!-- This site is optimized with the Yoast SEO plugin v23.9 - https:\/\/yoast.com\/wordpress\/plugins\/seo\/ -->\n<title>Me contacter - La Boite \u00e0 Souvenirs<\/title>\n<meta name=\"robots\" content=\"index, follow, max-snippet:-1, max-image-preview:large, max-video-preview:-1\" \/>\n<link rel=\"canonical\" href=\"https:\/\/debohrasaba.com\/?page_id=77\" \/>\n<meta property=\"og:locale\" content=\"fr_FR\" \/>\n<meta property=\"og:type\" content=\"article\" \/>\n<meta property=\"og:title\" content=\"Me contacter - La Boite \u00e0 Souvenirs\" \/>\n<meta property=\"og:url\" content=\"https:\/\/debohrasaba.com\/?page_id=77\" \/>\n<meta property=\"og:site_name\" content=\"La Boite \u00e0 Souvenirs\" \/>\n<meta property=\"article:modified_time\" content=\"2026-03-31T07:19:01+00:00\" \/>\n<meta property=\"og:image\" content=\"https:\/\/debohrasaba.com\/wp-content\/uploads\/2025\/06\/Vert-Plantes-grasses-Massage-Cheque-Cadeau-14.8-x-10.5-cm.jpg\" \/>\n\t<meta property=\"og:image:width\" content=\"1748\" \/>\n\t<meta property=\"og:image:height\" content=\"1240\" \/>\n\t<meta property=\"og:image:type\" content=\"image\/jpeg\" \/>\n<meta name=\"twitter:card\" content=\"summary_large_image\" \/>\n<meta name=\"twitter:label1\" content=\"Dur\u00e9e de lecture estim\u00e9e\" \/>\n\t<meta name=\"twitter:data1\" content=\"1 minute\" \/>\n<script type=\"application\/ld+json\" class=\"yoast-schema-graph\">{\"@context\":\"https:\/\/schema.org\",\"@graph\":[{\"@type\":\"WebPage\",\"@id\":\"https:\/\/debohrasaba.com\/?page_id=77\",\"url\":\"https:\/\/debohrasaba.com\/?page_id=77\",\"name\":\"Me contacter - La Boite \u00e0 Souvenirs\",\"isPartOf\":{\"@id\":\"https:\/\/debohrasaba.com\/#website\"},\"primaryImageOfPage\":{\"@id\":\"https:\/\/debohrasaba.com\/?page_id=77#primaryimage\"},\"image\":{\"@id\":\"https:\/\/debohrasaba.com\/?page_id=77#primaryimage\"},\"thumbnailUrl\":\"https:\/\/debohrasaba.com\/wp-content\/uploads\/2025\/06\/Vert-Plantes-grasses-Massage-Cheque-Cadeau-14.8-x-10.5-cm-1024x726.jpg\",\"datePublished\":\"2019-12-03T14:19:25+00:00\",\"dateModified\":\"2026-03-31T07:19:01+00:00\",\"breadcrumb\":{\"@id\":\"https:\/\/debohrasaba.com\/?page_id=77#breadcrumb\"},\"inLanguage\":\"fr-FR\",\"potentialAction\":[{\"@type\":\"ReadAction\",\"target\":[\"https:\/\/debohrasaba.com\/?page_id=77\"]}]},{\"@type\":\"ImageObject\",\"inLanguage\":\"fr-FR\",\"@id\":\"https:\/\/debohrasaba.com\/?page_id=77#primaryimage\",\"url\":\"https:\/\/debohrasaba.com\/wp-content\/uploads\/2025\/06\/Vert-Plantes-grasses-Massage-Cheque-Cadeau-14.8-x-10.5-cm.jpg\",\"contentUrl\":\"https:\/\/debohrasaba.com\/wp-content\/uploads\/2025\/06\/Vert-Plantes-grasses-Massage-Cheque-Cadeau-14.8-x-10.5-cm.jpg\",\"width\":1748,\"height\":1240},{\"@type\":\"BreadcrumbList\",\"@id\":\"https:\/\/debohrasaba.com\/?page_id=77#breadcrumb\",\"itemListElement\":[{\"@type\":\"ListItem\",\"position\":1,\"name\":\"Accueil\",\"item\":\"https:\/\/debohrasaba.com\/\"},{\"@type\":\"ListItem\",\"position\":2,\"name\":\"Me contacter\"}]},{\"@type\":\"WebSite\",\"@id\":\"https:\/\/debohrasaba.com\/#website\",\"url\":\"https:\/\/debohrasaba.com\/\",\"name\":\"La Boite \u00e0 Souvenirs\",\"description\":\"Debohra Saba Photographe et cr\u00e9atrice de contenus en Is\u00e8re\",\"publisher\":{\"@id\":\"https:\/\/debohrasaba.com\/#organization\"},\"potentialAction\":[{\"@type\":\"SearchAction\",\"target\":{\"@type\":\"EntryPoint\",\"urlTemplate\":\"https:\/\/debohrasaba.com\/?s={search_term_string}\"},\"query-input\":{\"@type\":\"PropertyValueSpecification\",\"valueRequired\":true,\"valueName\":\"search_term_string\"}}],\"inLanguage\":\"fr-FR\"},{\"@type\":\"Organization\",\"@id\":\"https:\/\/debohrasaba.com\/#organization\",\"name\":\"La Boite \u00e0 Souvenirs\",\"url\":\"https:\/\/debohrasaba.com\/\",\"logo\":{\"@type\":\"ImageObject\",\"inLanguage\":\"fr-FR\",\"@id\":\"https:\/\/debohrasaba.com\/#\/schema\/logo\/image\/\",\"url\":\"https:\/\/debohrasaba.com\/wp-content\/uploads\/2026\/03\/cropped-La-boite-a-Souvenirs-1-scaled-1.jpg\",\"contentUrl\":\"https:\/\/debohrasaba.com\/wp-content\/uploads\/2026\/03\/cropped-La-boite-a-Souvenirs-1-scaled-1.jpg\",\"width\":2560,\"height\":1108,\"caption\":\"La Boite \u00e0 Souvenirs\"},\"image\":{\"@id\":\"https:\/\/debohrasaba.com\/#\/schema\/logo\/image\/\"}}]}<\/script>\n<!-- \/ Yoast SEO plugin. -->","yoast_head_json":{"title":"Me contacter - La Boite \u00e0 Souvenirs","robots":{"index":"index","follow":"follow","max-snippet":"max-snippet:-1","max-image-preview":"max-image-preview:large","max-video-preview":"max-video-preview:-1"},"canonical":"https:\/\/debohrasaba.com\/?page_id=77","og_locale":"fr_FR","og_type":"article","og_title":"Me contacter - La Boite \u00e0 Souvenirs","og_url":"https:\/\/debohrasaba.com\/?page_id=77","og_site_name":"La Boite \u00e0 Souvenirs","article_modified_time":"2026-03-31T07:19:01+00:00","og_image":[{"width":1748,"height":1240,"url":"https:\/\/debohrasaba.com\/wp-content\/uploads\/2025\/06\/Vert-Plantes-grasses-Massage-Cheque-Cadeau-14.8-x-10.5-cm.jpg","type":"image\/jpeg"}],"twitter_card":"summary_large_image","twitter_misc":{"Dur\u00e9e de lecture estim\u00e9e":"1 minute"},"schema":{"@context":"https:\/\/schema.org","@graph":[{"@type":"WebPage","@id":"https:\/\/debohrasaba.com\/?page_id=77","url":"https:\/\/debohrasaba.com\/?page_id=77","name":"Me contacter - La Boite \u00e0 Souvenirs","isPartOf":{"@id":"https:\/\/debohrasaba.com\/#website"},"primaryImageOfPage":{"@id":"https:\/\/debohrasaba.com\/?page_id=77#primaryimage"},"image":{"@id":"https:\/\/debohrasaba.com\/?page_id=77#primaryimage"},"thumbnailUrl":"https:\/\/debohrasaba.com\/wp-content\/uploads\/2025\/06\/Vert-Plantes-grasses-Massage-Cheque-Cadeau-14.8-x-10.5-cm-1024x726.jpg","datePublished":"2019-12-03T14:19:25+00:00","dateModified":"2026-03-31T07:19:01+00:00","breadcrumb":{"@id":"https:\/\/debohrasaba.com\/?page_id=77#breadcrumb"},"inLanguage":"fr-FR","potentialAction":[{"@type":"ReadAction","target":["https:\/\/debohrasaba.com\/?page_id=77"]}]},{"@type":"ImageObject","inLanguage":"fr-FR","@id":"https:\/\/debohrasaba.com\/?page_id=77#primaryimage","url":"https:\/\/debohrasaba.com\/wp-content\/uploads\/2025\/06\/Vert-Plantes-grasses-Massage-Cheque-Cadeau-14.8-x-10.5-cm.jpg","contentUrl":"https:\/\/debohrasaba.com\/wp-content\/uploads\/2025\/06\/Vert-Plantes-grasses-Massage-Cheque-Cadeau-14.8-x-10.5-cm.jpg","width":1748,"height":1240},{"@type":"BreadcrumbList","@id":"https:\/\/debohrasaba.com\/?page_id=77#breadcrumb","itemListElement":[{"@type":"ListItem","position":1,"name":"Accueil","item":"https:\/\/debohrasaba.com\/"},{"@type":"ListItem","position":2,"name":"Me contacter"}]},{"@type":"WebSite","@id":"https:\/\/debohrasaba.com\/#website","url":"https:\/\/debohrasaba.com\/","name":"La Boite \u00e0 Souvenirs","description":"Debohra Saba Photographe et cr\u00e9atrice de contenus en Is\u00e8re","publisher":{"@id":"https:\/\/debohrasaba.com\/#organization"},"potentialAction":[{"@type":"SearchAction","target":{"@type":"EntryPoint","urlTemplate":"https:\/\/debohrasaba.com\/?s={search_term_string}"},"query-input":{"@type":"PropertyValueSpecification","valueRequired":true,"valueName":"search_term_string"}}],"inLanguage":"fr-FR"},{"@type":"Organization","@id":"https:\/\/debohrasaba.com\/#organization","name":"La Boite \u00e0 Souvenirs","url":"https:\/\/debohrasaba.com\/","logo":{"@type":"ImageObject","inLanguage":"fr-FR","@id":"https:\/\/debohrasaba.com\/#\/schema\/logo\/image\/","url":"https:\/\/debohrasaba.com\/wp-content\/uploads\/2026\/03\/cropped-La-boite-a-Souvenirs-1-scaled-1.jpg","contentUrl":"https:\/\/debohrasaba.com\/wp-content\/uploads\/2026\/03\/cropped-La-boite-a-Souvenirs-1-scaled-1.jpg","width":2560,"height":1108,"caption":"La Boite \u00e0 Souvenirs"},"image":{"@id":"https:\/\/debohrasaba.com\/#\/schema\/logo\/image\/"}}]}},"jetpack_sharing_enabled":true,"_links":{"self":[{"href":"https:\/\/debohrasaba.com\/index.php?rest_route=\/wp\/v2\/pages\/77","targetHints":{"allow":["GET"]}}],"collection":[{"href":"https:\/\/debohrasaba.com\/index.php?rest_route=\/wp\/v2\/pages"}],"about":[{"href":"https:\/\/debohrasaba.com\/index.php?rest_route=\/wp\/v2\/types\/page"}],"author":[{"embeddable":true,"href":"https:\/\/debohrasaba.com\/index.php?rest_route=\/wp\/v2\/users\/1"}],"replies":[{"embeddable":true,"href":"https:\/\/debohrasaba.com\/index.php?rest_route=%2Fwp%2Fv2%2Fcomments&post=77"}],"version-history":[{"count":11,"href":"https:\/\/debohrasaba.com\/index.php?rest_route=\/wp\/v2\/pages\/77\/revisions"}],"predecessor-version":[{"id":25109,"href":"https:\/\/debohrasaba.com\/index.php?rest_route=\/wp\/v2\/pages\/77\/revisions\/25109"}],"wp:attachment":[{"href":"https:\/\/debohrasaba.com\/index.php?rest_route=%2Fwp%2Fv2%2Fmedia&parent=77"}],"curies":[{"name":"wp","href":"https:\/\/api.w.org\/{rel}","templated":true}]}}